{"id":14,"date":"2025-08-02T00:01:39","date_gmt":"2025-08-01T22:01:39","guid":{"rendered":"http:\/\/localhost:10004\/?page_id=14"},"modified":"2026-02-13T23:54:59","modified_gmt":"2026-02-13T22:54:59","slug":"elementor-14","status":"publish","type":"page","link":"https:\/\/www.nova-prowrestling.com\/","title":{"rendered":"Accueil"},"content":{"rendered":"\t\t<div data-elementor-type=\"wp-post\" data-elementor-id=\"14\" class=\"elementor elementor-14\">\n\t\t\t\t<div class=\"elementor-element elementor-element-d3f0496 e-con-full e-flex e-con e-parent\" data-id=\"d3f0496\" data-element_type=\"container\" data-e-type=\"container\">\n\t\t<div class=\"elementor-element elementor-element-be9a4e8 e-con-full e-flex e-con e-child\" data-id=\"be9a4e8\" data-element_type=\"container\" data-e-type=\"container\">\n\t\t\t\t<div class=\"elementor-element elementor-element-7ad322b sticky-menu eael-hamburger--mobile eael_simple_menu_hamburger_disable_selected_menu_no eael-simple-menu-hamburger-align-right elementor-widget elementor-widget-eael-simple-menu\" data-id=\"7ad322b\" data-element_type=\"widget\" data-e-type=\"widget\" data-widget_type=\"eael-simple-menu.default\">\n\t\t\t\t\t<style>\n                        @media screen and (max-width: 767px) {\n                            .eael-hamburger--mobile {\n                                .eael-simple-menu-horizontal,\n                                .eael-simple-menu-vertical {\n                                    display: none;\n                                }\n                            }\n                            .eael-hamburger--mobile {\n                                .eael-simple-menu-container .eael-simple-menu-toggle {\n                                    display: block;\n                                }\n                            }\n                        }\n                        .eael-simple-menu-container.eael-simple-menu--loading > ul {\n                            display: -webkit-box !important;\n                            display: -ms-flexbox !important;\n                            display: flex !important;\n                            list-style: none !important;\n                        }\n                        .eael-simple-menu-container.eael-simple-menu--loading li ul {\n                            visibility: hidden !important;\n                            opacity: 0 !important;\n                        }\n                    <\/style>            <div data-hamburger-icon=\"&lt;svg aria-hidden=&quot;true&quot; class=&quot;e-font-icon-svg e-fas-bars&quot; viewBox=&quot;0 0 448 512&quot; xmlns=&quot;http:\/\/www.w3.org\/2000\/svg&quot;&gt;&lt;path d=&quot;M16 132h416c8.837 0 16-7.163 16-16V76c0-8.837-7.163-16-16-16H16C7.163 60 0 67.163 0 76v40c0 8.837 7.163 16 16 16zm0 160h416c8.837 0 16-7.163 16-16v-40c0-8.837-7.163-16-16-16H16c-8.837 0-16 7.163-16 16v40c0 8.837 7.163 16 16 16zm0 160h416c8.837 0 16-7.163 16-16v-40c0-8.837-7.163-16-16-16H16c-8.837 0-16 7.163-16 16v40c0 8.837 7.163 16 16 16z&quot;&gt;&lt;\/path&gt;&lt;\/svg&gt;\" data-indicator-icon=\"&lt;svg aria-hidden=&quot;true&quot; class=&quot;e-font-icon-svg e-fas-angle-down&quot; viewBox=&quot;0 0 320 512&quot; xmlns=&quot;http:\/\/www.w3.org\/2000\/svg&quot;&gt;&lt;path d=&quot;M143 352.3L7 216.3c-9.4-9.4-9.4-24.6 0-33.9l22.6-22.6c9.4-9.4 24.6-9.4 33.9 0l96.4 96.4 96.4-96.4c9.4-9.4 24.6-9.4 33.9 0l22.6 22.6c9.4 9.4 9.4 24.6 0 33.9l-136 136c-9.2 9.4-24.4 9.4-33.8 0z&quot;&gt;&lt;\/path&gt;&lt;\/svg&gt;\" data-dropdown-indicator-icon=\"&lt;svg class=&quot;e-font-icon-svg e-fas-angle-down&quot; viewBox=&quot;0 0 320 512&quot; xmlns=&quot;http:\/\/www.w3.org\/2000\/svg&quot;&gt;&lt;path d=&quot;M143 352.3L7 216.3c-9.4-9.4-9.4-24.6 0-33.9l22.6-22.6c9.4-9.4 24.6-9.4 33.9 0l96.4 96.4 96.4-96.4c9.4-9.4 24.6-9.4 33.9 0l22.6 22.6c9.4 9.4 9.4 24.6 0 33.9l-136 136c-9.2 9.4-24.4 9.4-33.8 0z&quot;&gt;&lt;\/path&gt;&lt;\/svg&gt;\" class=\"eael-simple-menu-container eael-simple-menu--loading eael-simple-menu-align-center eael-simple-menu-dropdown-align-left preset-2\" data-hamburger-breakpoints=\"{&quot;mobile&quot;:&quot;Portrait mobile (&gt; 767px)&quot;,&quot;tablet&quot;:&quot;Tablette en mode portrait (&gt; 1024px)&quot;,&quot;desktop&quot;:&quot;Desktop (&gt; 2400px)&quot;,&quot;none&quot;:&quot;None&quot;}\" data-hamburger-device=\"mobile\">\n                <ul id=\"menu-menu\" class=\"eael-simple-menu eael-simple-menu-dropdown-animate-to-top eael-simple-menu-indicator eael-simple-menu-horizontal\"><li id=\"menu-item-216\" class=\"menu-item menu-item-type-custom menu-item-object-custom menu-item-216\"><a href=\"\/\">Nova<\/a><\/li>\n<li id=\"menu-item-197\" class=\"menu-item menu-item-type-custom menu-item-object-custom menu-item-197\"><a href=\"\/#histoire\">La gen\u00e8se<\/a><\/li>\n<li id=\"menu-item-198\" class=\"menu-item menu-item-type-custom menu-item-object-custom menu-item-198\"><a href=\"\/#entrainements\">Entrainements<\/a><\/li>\n<li id=\"menu-item-199\" class=\"menu-item menu-item-type-custom menu-item-object-custom menu-item-199\"><a href=\"\/#inscription\">S&rsquo;inscrire<\/a><\/li>\n<\/ul>                <button class=\"eael-simple-menu-toggle\">\n                    <span class=\"sr-only \">Hamburger Toggle Menu<\/span>\n                    <svg aria-hidden=\"true\" class=\"e-font-icon-svg e-fas-bars\" viewBox=\"0 0 448 512\" xmlns=\"http:\/\/www.w3.org\/2000\/svg\"><path d=\"M16 132h416c8.837 0 16-7.163 16-16V76c0-8.837-7.163-16-16-16H16C7.163 60 0 67.163 0 76v40c0 8.837 7.163 16 16 16zm0 160h416c8.837 0 16-7.163 16-16v-40c0-8.837-7.163-16-16-16H16c-8.837 0-16 7.163-16 16v40c0 8.837 7.163 16 16 16zm0 160h416c8.837 0 16-7.163 16-16v-40c0-8.837-7.163-16-16-16H16c-8.837 0-16 7.163-16 16v40c0 8.837 7.163 16 16 16z\"><\/path><\/svg>                <\/button>\n            <\/div>\n            \t\t\t\t<\/div>\n\t\t\t\t<div class=\"elementor-element elementor-element-0789878 elementor-widget elementor-widget-menu-anchor\" data-id=\"0789878\" data-element_type=\"widget\" data-e-type=\"widget\" data-widget_type=\"menu-anchor.default\">\n\t\t\t\t\t\t\t<div class=\"elementor-menu-anchor\" id=\"accueil\"><\/div>\n\t\t\t\t\t\t<\/div>\n\t\t<header class=\"elementor-element elementor-element-f9478f0 e-flex e-con-boxed e-con e-child\" data-id=\"f9478f0\" data-element_type=\"container\" data-e-type=\"container\">\n\t\t\t\t\t<div class=\"e-con-inner\">\n\t\t\t\t<div class=\"elementor-element elementor-element-b46dae9 elementor-widget elementor-widget-image\" data-id=\"b46dae9\" data-element_type=\"widget\" data-e-type=\"widget\" data-widget_type=\"image.default\">\n\t\t\t\t\t\t\t\t\t\t\t\t\t\t\t<img fetchpriority=\"high\" decoding=\"async\" width=\"800\" height=\"800\" src=\"https:\/\/www.nova-prowrestling.com\/wp-content\/uploads\/2025\/08\/NOVA-PRO-WRESTLING-vide-1024x1024.png\" class=\"attachment-large size-large wp-image-356\" alt=\"\" srcset=\"https:\/\/www.nova-prowrestling.com\/wp-content\/uploads\/2025\/08\/NOVA-PRO-WRESTLING-vide-1024x1024.png 1024w, https:\/\/www.nova-prowrestling.com\/wp-content\/uploads\/2025\/08\/NOVA-PRO-WRESTLING-vide-300x300.webp 300w, https:\/\/www.nova-prowrestling.com\/wp-content\/uploads\/2025\/08\/NOVA-PRO-WRESTLING-vide-150x150.png 150w, https:\/\/www.nova-prowrestling.com\/wp-content\/uploads\/2025\/08\/NOVA-PRO-WRESTLING-vide-768x768.png 768w, https:\/\/www.nova-prowrestling.com\/wp-content\/uploads\/2025\/08\/NOVA-PRO-WRESTLING-vide-1536x1536.png 1536w, https:\/\/www.nova-prowrestling.com\/wp-content\/uploads\/2025\/08\/NOVA-PRO-WRESTLING-vide-2048x2048.png 2048w\" sizes=\"(max-width: 800px) 100vw, 800px\" \/>\t\t\t\t\t\t\t\t\t\t\t\t\t\t\t<\/div>\n\t\t\t\t\t<\/div>\n\t\t\t\t<\/header>\n\t\t<main class=\"elementor-element elementor-element-76b1b67 e-con-full e-flex e-con e-child\" data-id=\"76b1b67\" data-element_type=\"container\" data-e-type=\"container\">\n\t\t\t\t<div class=\"elementor-element elementor-element-59b3c33 elementor-widget elementor-widget-menu-anchor\" data-id=\"59b3c33\" data-element_type=\"widget\" data-e-type=\"widget\" data-widget_type=\"menu-anchor.default\">\n\t\t\t\t\t\t\t<div class=\"elementor-menu-anchor\" id=\"histoire\"><\/div>\n\t\t\t\t\t\t<\/div>\n\t\t\t\t<div class=\"elementor-element elementor-element-5b3264e elementor-widget elementor-widget-heading\" data-id=\"5b3264e\" data-element_type=\"widget\" data-e-type=\"widget\" data-settings=\"{&quot;_animation&quot;:&quot;none&quot;}\" data-widget_type=\"heading.default\">\n\t\t\t\t\t<h1 class=\"elementor-heading-title elementor-size-default\">Gen\u00e8se<\/h1>\t\t\t\t<\/div>\n\t\t\t\t<div class=\"elementor-element elementor-element-50b634a elementor-widget elementor-widget-text-editor\" data-id=\"50b634a\" data-element_type=\"widget\" data-e-type=\"widget\" data-widget_type=\"text-editor.default\">\n\t\t\t\t\t\t\t\t\t<div class=\"elementor-element elementor-element-ca91d06 elementor-widget elementor-widget-text-editor\" data-id=\"ca91d06\" data-element_type=\"widget\" data-widget_type=\"text-editor.default\"><p>L\u2019histoire commence avec une poign\u00e9e de passionn\u00e9s, amoureux du catch depuis toujours, mais surtout anim\u00e9s par une envie : cr\u00e9er un espace o\u00f9 le respect, la rigueur et la passion ne sont pas des options, mais des fondations. NOVA, c\u2019est cette lumi\u00e8re nouvelle, cette \u00e9toile qui veut briller sans \u00e9craser, mais en inspirant.<\/p><\/div><div class=\"elementor-element elementor-element-e4854e2 elementor-widget elementor-widget-text-editor\" data-id=\"e4854e2\" data-element_type=\"widget\" data-widget_type=\"text-editor.default\"><p>Nous avons voulu b\u00e2tir une structure qui valorise autant les talents que les individus. Une structure o\u00f9 chaque personne, qu\u2019elle soit sur le ring ou en coulisses, se sente consid\u00e9r\u00e9e, soutenue et mise en valeur. NOVA Pro Wrestling n\u2019est pas qu\u2019un ring et des cordes : c\u2019est une famille en mouvement, port\u00e9e par des valeurs humaines fortes et un engagement \u00e0 toujours viser\u00a0plus\u00a0haut.<\/p><\/div>\t\t\t\t\t\t\t\t<\/div>\n\t\t\t\t<div class=\"elementor-element elementor-element-c4c6a19 elementor-widget elementor-widget-menu-anchor\" data-id=\"c4c6a19\" data-element_type=\"widget\" data-e-type=\"widget\" data-widget_type=\"menu-anchor.default\">\n\t\t\t\t\t\t\t<div class=\"elementor-menu-anchor\" id=\"entrainements\"><\/div>\n\t\t\t\t\t\t<\/div>\n\t\t\t\t<div class=\"elementor-element elementor-element-76fc61c elementor-widget elementor-widget-heading\" data-id=\"76fc61c\" data-element_type=\"widget\" data-e-type=\"widget\" data-settings=\"{&quot;_animation&quot;:&quot;none&quot;}\" data-widget_type=\"heading.default\">\n\t\t\t\t\t<h2 class=\"elementor-heading-title elementor-size-default\">Entrainements<\/h2>\t\t\t\t<\/div>\n\t\t<div class=\"elementor-element elementor-element-a5a1bf8 e-con-full elementor-hidden-tablet elementor-hidden-mobile e-flex e-con e-child\" data-id=\"a5a1bf8\" data-element_type=\"container\" data-e-type=\"container\" data-settings=\"{&quot;background_background&quot;:&quot;classic&quot;}\">\n\t\t<div class=\"elementor-element elementor-element-8338c46 e-grid e-con-full e-con e-child\" data-id=\"8338c46\" data-element_type=\"container\" data-e-type=\"container\">\n\t\t\t\t<div class=\"elementor-element elementor-element-cf2a1dd elementor-widget elementor-widget-text-editor\" data-id=\"cf2a1dd\" data-element_type=\"widget\" data-e-type=\"widget\" data-widget_type=\"text-editor.default\">\n\t\t\t\t\t\t\t\t\t<p>Essaie toi au catch<\/p><p>avec le collectif Nova !<\/p>\t\t\t\t\t\t\t\t<\/div>\n\t\t\t\t<div class=\"elementor-element elementor-element-4e10800 elementor-widget elementor-widget-image\" data-id=\"4e10800\" data-element_type=\"widget\" data-e-type=\"widget\" data-widget_type=\"image.default\">\n\t\t\t\t\t\t\t\t\t\t\t\t\t\t\t<img decoding=\"async\" width=\"150\" height=\"150\" src=\"https:\/\/www.nova-prowrestling.com\/wp-content\/uploads\/2025\/08\/ETOILE-2-scaled-e1754402586189-150x150.webp\" class=\"attachment-thumbnail size-thumbnail wp-image-357\" alt=\"\" \/>\t\t\t\t\t\t\t\t\t\t\t\t\t\t\t<\/div>\n\t\t<div class=\"elementor-element elementor-element-71bd51e e-con-full e-flex e-con e-child\" data-id=\"71bd51e\" data-element_type=\"container\" data-e-type=\"container\">\n\t\t\t\t<div class=\"elementor-element elementor-element-5d119cc elementor-widget elementor-widget-text-editor\" data-id=\"5d119cc\" data-element_type=\"widget\" data-e-type=\"widget\" data-widget_type=\"text-editor.default\">\n\t\t\t\t\t\t\t\t\t<p>Cours le mercredi<\/p><p>De 20h30 \u00e0 22h30<\/p><p>\u00a0<\/p>\t\t\t\t\t\t\t\t<\/div>\n\t\t\t\t<div class=\"elementor-element elementor-element-d0a72ff elementor-widget elementor-widget-text-editor\" data-id=\"d0a72ff\" data-element_type=\"widget\" data-e-type=\"widget\" data-widget_type=\"text-editor.default\">\n\t\t\t\t\t\t\t\t\t<p>12 all\u00e9e des acacias 33700 M\u00c9RIGNAC<\/p><p>Gymnase Daniel Colombier<\/p>\t\t\t\t\t\t\t\t<\/div>\n\t\t\t\t<\/div>\n\t\t\t\t<\/div>\n\t\t\t\t<\/div>\n\t\t<div class=\"elementor-element elementor-element-e77d02d e-con-full elementor-hidden-desktop e-flex e-con e-child\" data-id=\"e77d02d\" data-element_type=\"container\" data-e-type=\"container\">\n\t\t<div class=\"elementor-element elementor-element-83d72b6 e-con-full e-flex e-con e-child\" data-id=\"83d72b6\" data-element_type=\"container\" data-e-type=\"container\">\n\t\t\t\t<div class=\"elementor-element elementor-element-73d4e62 elementor-widget elementor-widget-text-editor\" data-id=\"73d4e62\" data-element_type=\"widget\" data-e-type=\"widget\" data-widget_type=\"text-editor.default\">\n\t\t\t\t\t\t\t\t\t<p>Essaie toi au catch avec le collectif NOVA !<\/p>\t\t\t\t\t\t\t\t<\/div>\n\t\t\t\t<div class=\"elementor-element elementor-element-7de9df1 elementor-widget elementor-widget-image\" data-id=\"7de9df1\" data-element_type=\"widget\" data-e-type=\"widget\" data-widget_type=\"image.default\">\n\t\t\t\t\t\t\t\t\t\t\t\t\t\t\t<img decoding=\"async\" width=\"800\" height=\"914\" src=\"https:\/\/www.nova-prowrestling.com\/wp-content\/uploads\/2025\/08\/ETOILE-2-scaled-e1754402586189-896x1024.webp\" class=\"attachment-large size-large wp-image-357\" alt=\"\" srcset=\"https:\/\/www.nova-prowrestling.com\/wp-content\/uploads\/2025\/08\/ETOILE-2-scaled-e1754402586189-896x1024.webp 896w, https:\/\/www.nova-prowrestling.com\/wp-content\/uploads\/2025\/08\/ETOILE-2-scaled-e1754402586189-263x300.webp 263w, https:\/\/www.nova-prowrestling.com\/wp-content\/uploads\/2025\/08\/ETOILE-2-scaled-e1754402586189-768x877.png 768w, https:\/\/www.nova-prowrestling.com\/wp-content\/uploads\/2025\/08\/ETOILE-2-scaled-e1754402586189.webp 900w\" sizes=\"(max-width: 800px) 100vw, 800px\" \/>\t\t\t\t\t\t\t\t\t\t\t\t\t\t\t<\/div>\n\t\t\t\t<div class=\"elementor-element elementor-element-af245f4 elementor-widget elementor-widget-text-editor\" data-id=\"af245f4\" data-element_type=\"widget\" data-e-type=\"widget\" data-widget_type=\"text-editor.default\">\n\t\t\t\t\t\t\t\t\t<p><strong>Cours le mercredi<br>De 20h30 \u00e0 22h30<\/strong><\/p><p><span style=\"font-size: 1.2rem;\">12 all\u00e9e des acacias 33700 M\u00c9RIGNAC<\/span><strong><br><\/strong><\/p><p>Gymnase Daniel Colombiers<\/p>\t\t\t\t\t\t\t\t<\/div>\n\t\t\t\t<\/div>\n\t\t\t\t<\/div>\n\t\t\t\t<div class=\"elementor-element elementor-element-1728894 elementor-widget elementor-widget-menu-anchor\" data-id=\"1728894\" data-element_type=\"widget\" data-e-type=\"widget\" data-widget_type=\"menu-anchor.default\">\n\t\t\t\t\t\t\t<div class=\"elementor-menu-anchor\" id=\"inscription\"><\/div>\n\t\t\t\t\t\t<\/div>\n\t\t\t\t<div class=\"elementor-element elementor-element-ac836cf eael-contact-form-7-button-align-center elementor-widget__width-inherit form-inscr eael-contact-form-7-button-custom elementor-widget elementor-widget-eael-contact-form-7\" data-id=\"ac836cf\" data-element_type=\"widget\" data-e-type=\"widget\" data-widget_type=\"eael-contact-form-7.default\">\n\t\t\t\t\t<div class=\"eael-contact-form-7-wrapper\">\n                <div class=\"eael-contact-form eael-contact-form-7 eael-contact-form-ac836cf placeholder-show eael-contact-form-align-center\"><div class=\"eael-contact-form-7-heading\"><h3 class=\"eael-contact-form-title eael-contact-form-7-title\">\n                                    S&#039;inscrire\n                                <\/h3><\/div>\n<div class=\"wpcf7 no-js\" id=\"wpcf7-f127-o1\" lang=\"fr-FR\" dir=\"ltr\" data-wpcf7-id=\"127\">\n<div class=\"screen-reader-response\"><p role=\"status\" aria-live=\"polite\" aria-atomic=\"true\"><\/p> <ul><\/ul><\/div>\n<form action=\"\/index.php?rest_route=%2Fwp%2Fv2%2Fpages%2F14#wpcf7-f127-o1\" method=\"post\" class=\"wpcf7-form init\" aria-label=\"Formulaire de contact\" novalidate=\"novalidate\" data-status=\"init\">\n<fieldset class=\"hidden-fields-container\"><input type=\"hidden\" name=\"_wpcf7\" value=\"127\" \/><input type=\"hidden\" name=\"_wpcf7_version\" value=\"6.1.5\" \/><input type=\"hidden\" name=\"_wpcf7_locale\" value=\"fr_FR\" \/><input type=\"hidden\" name=\"_wpcf7_unit_tag\" value=\"wpcf7-f127-o1\" \/><input type=\"hidden\" name=\"_wpcf7_container_post\" value=\"0\" \/><input type=\"hidden\" name=\"_wpcf7_posted_data_hash\" value=\"\" \/><input type=\"hidden\" name=\"_wpcf7_recaptcha_response\" value=\"\" \/>\n<\/fieldset>\n<p><label> Nom et pr\u00e9nom<br \/>\n<span class=\"wpcf7-form-control-wrap\" data-name=\"your-name\"><input size=\"40\" maxlength=\"400\" class=\"wpcf7-form-control wpcf7-text wpcf7-validates-as-required\" autocomplete=\"name\" aria-required=\"true\" aria-invalid=\"false\" value=\"\" type=\"text\" name=\"your-name\" \/><\/span> <\/label>\n<\/p>\n<p><label> E-mail<br \/>\n<span class=\"wpcf7-form-control-wrap\" data-name=\"your-email\"><input size=\"40\" maxlength=\"400\" class=\"wpcf7-form-control wpcf7-email wpcf7-validates-as-required wpcf7-text wpcf7-validates-as-email\" autocomplete=\"email\" aria-required=\"true\" aria-invalid=\"false\" value=\"\" type=\"email\" name=\"your-email\" \/><\/span> <\/label>\n<\/p>\n<p><label> T\u00e9l.<br \/>\n<span class=\"wpcf7-form-control-wrap\" data-name=\"tel\"><input size=\"40\" maxlength=\"400\" class=\"wpcf7-form-control wpcf7-tel wpcf7-validates-as-required wpcf7-text wpcf7-validates-as-tel\" autocomplete=\"tel\" aria-required=\"true\" aria-invalid=\"false\" value=\"\" type=\"tel\" name=\"tel\" \/><\/span> <\/label>\n<\/p>\n<p><label> Age<br \/>\n<span class=\"wpcf7-form-control-wrap\" data-name=\"age\"><select class=\"wpcf7-form-control wpcf7-select wpcf7-validates-as-required\" aria-required=\"true\" aria-invalid=\"false\" name=\"age\"><option value=\"15 - 18 ans\">15 - 18 ans<\/option><option value=\"+ 18 ans\">+ 18 ans<\/option><\/select><\/span><\/label>\n<\/p>\n<p><label class=\"textarea-form\"> Message<br \/>\n<span class=\"wpcf7-form-control-wrap\" data-name=\"message\"><textarea cols=\"400\" rows=\"5\" maxlength=\"2000\" class=\"wpcf7-form-control wpcf7-textarea\" aria-invalid=\"false\" name=\"message\"><\/textarea><\/span><\/label>\n<\/p>\n<p><span id=\"wpcf7-69e76c94bbc7d-wrapper\" class=\"wpcf7-form-control-wrap infos-supp-wrap\" style=\"display:none !important; visibility:hidden !important;\"><label for=\"wpcf7-69e76c94bbc7d-field\" class=\"hp-message\">Veuillez laisser ce champ vide.<\/label><input id=\"wpcf7-69e76c94bbc7d-field\"  class=\"wpcf7-form-control wpcf7-text\" type=\"text\" name=\"infos-supp\" value=\"\" size=\"40\" tabindex=\"-1\" autocomplete=\"new-password\" \/><\/span><br \/>\n<input class=\"wpcf7-form-control wpcf7-submit has-spinner\" type=\"submit\" value=\"\u2709 Envoyer\" \/>\n<\/p><div class=\"wpcf7-response-output\" aria-hidden=\"true\"><\/div>\n<\/form>\n<\/div>\n<\/div>\n            <\/div>\t\t\t\t<\/div>\n\t\t\t\t<div class=\"elementor-element elementor-element-69e633e elementor-widget elementor-widget-heading\" data-id=\"69e633e\" data-element_type=\"widget\" data-e-type=\"widget\" data-settings=\"{&quot;_animation&quot;:&quot;none&quot;}\" data-widget_type=\"heading.default\">\n\t\t\t\t\t<h1 class=\"elementor-heading-title elementor-size-default\">Organiser un show<\/h1>\t\t\t\t<\/div>\n\t\t<div class=\"elementor-element elementor-element-dbf1137 e-con-full e-flex e-con e-child\" data-id=\"dbf1137\" data-element_type=\"container\" data-e-type=\"container\">\n\t\t\t\t<div class=\"elementor-element elementor-element-ba234c5 elementor-widget elementor-widget-text-editor\" data-id=\"ba234c5\" data-element_type=\"widget\" data-e-type=\"widget\" data-widget_type=\"text-editor.default\">\n\t\t\t\t\t\t\t\t\t<p>Vous souhaitez organiser un show de catch ? <br \/><br \/>Contactez-nous !<\/p>\t\t\t\t\t\t\t\t<\/div>\n\t\t\t\t<div class=\"elementor-element elementor-element-7955c15 elementor-button-info elementor-align-center elementor-widget elementor-widget-button\" data-id=\"7955c15\" data-element_type=\"widget\" data-e-type=\"widget\" data-widget_type=\"button.default\">\n\t\t\t\t\t\t\t\t\t\t<a class=\"elementor-button elementor-button-link elementor-size-sm\" href=\"https:\/\/www.nova-prowrestling.com\/wp-content\/uploads\/2026\/02\/plaquette_NOVA.pdf\" download=\"plaquette_Nova\">\n\t\t\t\t\t\t<span class=\"elementor-button-content-wrapper\">\n\t\t\t\t\t\t<span class=\"elementor-button-icon\">\n\t\t\t\t<svg aria-hidden=\"true\" class=\"e-font-icon-svg e-fas-download\" viewBox=\"0 0 512 512\" xmlns=\"http:\/\/www.w3.org\/2000\/svg\"><path d=\"M216 0h80c13.3 0 24 10.7 24 24v168h87.7c17.8 0 26.7 21.5 14.1 34.1L269.7 378.3c-7.5 7.5-19.8 7.5-27.3 0L90.1 226.1c-12.6-12.6-3.7-34.1 14.1-34.1H192V24c0-13.3 10.7-24 24-24zm296 376v112c0 13.3-10.7 24-24 24H24c-13.3 0-24-10.7-24-24V376c0-13.3 10.7-24 24-24h146.7l49 49c20.1 20.1 52.5 20.1 72.6 0l49-49H488c13.3 0 24 10.7 24 24zm-124 88c0-11-9-20-20-20s-20 9-20 20 9 20 20 20 20-9 20-20zm64 0c0-11-9-20-20-20s-20 9-20 20 9 20 20 20 20-9 20-20z\"><\/path><\/svg>\t\t\t<\/span>\n\t\t\t\t\t\t\t\t\t<span class=\"elementor-button-text\">T\u00e9l\u00e9charger notre plaquette<\/span>\n\t\t\t\t\t<\/span>\n\t\t\t\t\t<\/a>\n\t\t\t\t\t\t\t\t<\/div>\n\t\t\t\t<\/div>\n\t\t\t\t<\/main>\n\t\t\t\t<\/div>\n\t\t\t\t<\/div>\n\t\t\t\t<\/div>\n\t\t","protected":false},"excerpt":{"rendered":"<p>Nova La gen\u00e8se Entrainements S&rsquo;inscrire Hamburger Toggle Menu Gen\u00e8se L\u2019histoire commence avec une poign\u00e9e de passionn\u00e9s, amoureux du catch depuis toujours, mais surtout anim\u00e9s par une envie : cr\u00e9er un espace o\u00f9 le respect, la rigueur et la passion ne sont pas des options, mais des fondations. NOVA, c\u2019est cette lumi\u00e8re nouvelle, cette \u00e9toile qui [&hellip;]<\/p>\n","protected":false},"author":2,"featured_media":0,"parent":0,"menu_order":0,"comment_status":"closed","ping_status":"closed","template":"","meta":{"footnotes":""},"class_list":["post-14","page","type-page","status-publish","hentry"],"_links":{"self":[{"href":"https:\/\/www.nova-prowrestling.com\/index.php?rest_route=\/wp\/v2\/pages\/14","targetHints":{"allow":["GET"]}}],"collection":[{"href":"https:\/\/www.nova-prowrestling.com\/index.php?rest_route=\/wp\/v2\/pages"}],"about":[{"href":"https:\/\/www.nova-prowrestling.com\/index.php?rest_route=\/wp\/v2\/types\/page"}],"author":[{"embeddable":true,"href":"https:\/\/www.nova-prowrestling.com\/index.php?rest_route=\/wp\/v2\/users\/2"}],"replies":[{"embeddable":true,"href":"https:\/\/www.nova-prowrestling.com\/index.php?rest_route=%2Fwp%2Fv2%2Fcomments&post=14"}],"version-history":[{"count":309,"href":"https:\/\/www.nova-prowrestling.com\/index.php?rest_route=\/wp\/v2\/pages\/14\/revisions"}],"predecessor-version":[{"id":541,"href":"https:\/\/www.nova-prowrestling.com\/index.php?rest_route=\/wp\/v2\/pages\/14\/revisions\/541"}],"wp:attachment":[{"href":"https:\/\/www.nova-prowrestling.com\/index.php?rest_route=%2Fwp%2Fv2%2Fmedia&parent=14"}],"curies":[{"name":"wp","href":"https:\/\/api.w.org\/{rel}","templated":true}]}}